{"id":7,"date":"2025-05-01T16:46:12","date_gmt":"2025-05-01T14:46:12","guid":{"rendered":"https:\/\/roxane-sexotherapeute.fr\/index.php\/front_page\/"},"modified":"2026-02-22T13:17:18","modified_gmt":"2026-02-22T12:17:18","slug":"home","status":"publish","type":"page","link":"https:\/\/roxane-sexotherapeute.fr\/","title":{"rendered":"Home"},"content":{"rendered":"\n\n\n\n\n\n\n\n\n\n\n\n","protected":false},"excerpt":{"rendered":"","protected":false},"author":1,"featured_media":0,"parent":0,"menu_order":0,"comment_status":"closed","ping_status":"closed","template":"","meta":{"saved_in_kubio":true,"footnotes":""},"class_list":["post-7","page","type-page","status-publish","hentry"],"kubio_ai_page_context":{"short_desc":"","purpose":"general"},"yoast_head":"<!-- This site is optimized with the Yoast SEO plugin v27.4 - https:\/\/yoast.com\/product\/yoast-seo-wordpress\/ -->\n<title>Roxane - Sexoth\u00e9rapeute et Love Coach en ligne pour Homme<\/title>\n<meta name=\"description\" content=\"J\u2019accompagne les hommes pour les aider \u00e0 se reconnecter \u00e0 eux-m\u00eames et \u00e0 d\u00e9passer leurs doutes, avec bienveillance et authenticit\u00e9.\" \/>\n<meta name=\"robots\" content=\"index, follow, max-snippet:-1, max-image-preview:large, max-video-preview:-1\" \/>\n<link rel=\"canonical\" href=\"https:\/\/roxane-sexotherapeute.fr\/\" \/>\n<meta property=\"og:locale\" content=\"fr_FR\" \/>\n<meta property=\"og:type\" content=\"article\" \/>\n<meta property=\"og:title\" content=\"Roxane - Sexoth\u00e9rapeute et Love Coach en ligne pour Homme\" \/>\n<meta property=\"og:description\" content=\"J\u2019accompagne les hommes pour les aider \u00e0 se reconnecter \u00e0 eux-m\u00eames et \u00e0 d\u00e9passer leurs doutes, avec bienveillance et authenticit\u00e9.\" \/>\n<meta property=\"og:url\" content=\"https:\/\/roxane-sexotherapeute.fr\/\" \/>\n<meta property=\"og:site_name\" content=\"Roxane - Consultante en neuro-sexologie et relations amoureuses\" \/>\n<meta property=\"article:modified_time\" content=\"2026-02-22T12:17:18+00:00\" \/>\n<meta name=\"twitter:card\" content=\"summary_large_image\" \/>\n<script type=\"application\/ld+json\" class=\"yoast-schema-graph\">{\"@context\":\"https:\\\/\\\/schema.org\",\"@graph\":[{\"@type\":\"WebPage\",\"@id\":\"https:\\\/\\\/roxane-sexotherapeute.fr\\\/\",\"url\":\"https:\\\/\\\/roxane-sexotherapeute.fr\\\/\",\"name\":\"Roxane - Sexoth\u00e9rapeute et Love Coach en ligne pour Homme\",\"isPartOf\":{\"@id\":\"https:\\\/\\\/roxane-sexotherapeute.fr\\\/#website\"},\"datePublished\":\"2025-05-01T14:46:12+00:00\",\"dateModified\":\"2026-02-22T12:17:18+00:00\",\"description\":\"J\u2019accompagne les hommes pour les aider \u00e0 se reconnecter \u00e0 eux-m\u00eames et \u00e0 d\u00e9passer leurs doutes, avec bienveillance et authenticit\u00e9.\",\"breadcrumb\":{\"@id\":\"https:\\\/\\\/roxane-sexotherapeute.fr\\\/#breadcrumb\"},\"inLanguage\":\"fr-FR\",\"potentialAction\":[{\"@type\":\"ReadAction\",\"target\":[\"https:\\\/\\\/roxane-sexotherapeute.fr\\\/\"]}]},{\"@type\":\"BreadcrumbList\",\"@id\":\"https:\\\/\\\/roxane-sexotherapeute.fr\\\/#breadcrumb\",\"itemListElement\":[{\"@type\":\"ListItem\",\"position\":1,\"name\":\"Accueil\",\"item\":\"https:\\\/\\\/roxane-sexotherapeute.fr\\\/\"},{\"@type\":\"ListItem\",\"position\":2,\"name\":\"Home\"}]},{\"@type\":\"WebSite\",\"@id\":\"https:\\\/\\\/roxane-sexotherapeute.fr\\\/#website\",\"url\":\"https:\\\/\\\/roxane-sexotherapeute.fr\\\/\",\"name\":\"Roxane - Sexoth\u00e9rapeute et Love Coach\",\"description\":\"L\u00e0 o\u00f9 l\u2019intime prend racine, l\u2019\u00e9panouissement commence\",\"publisher\":{\"@id\":\"https:\\\/\\\/roxane-sexotherapeute.fr\\\/#organization\"},\"potentialAction\":[{\"@type\":\"SearchAction\",\"target\":{\"@type\":\"EntryPoint\",\"urlTemplate\":\"https:\\\/\\\/roxane-sexotherapeute.fr\\\/?s={search_term_string}\"},\"query-input\":{\"@type\":\"PropertyValueSpecification\",\"valueRequired\":true,\"valueName\":\"search_term_string\"}}],\"inLanguage\":\"fr-FR\"},{\"@type\":\"Organization\",\"@id\":\"https:\\\/\\\/roxane-sexotherapeute.fr\\\/#organization\",\"name\":\"Roxane - Sexoth\u00e9rapeute et Love Coach\",\"url\":\"https:\\\/\\\/roxane-sexotherapeute.fr\\\/\",\"logo\":{\"@type\":\"ImageObject\",\"inLanguage\":\"fr-FR\",\"@id\":\"https:\\\/\\\/roxane-sexotherapeute.fr\\\/#\\\/schema\\\/logo\\\/image\\\/\",\"url\":\"https:\\\/\\\/roxane-sexotherapeute.fr\\\/wp-content\\\/uploads\\\/2025\\\/05\\\/Logo512BCarre.png\",\"contentUrl\":\"https:\\\/\\\/roxane-sexotherapeute.fr\\\/wp-content\\\/uploads\\\/2025\\\/05\\\/Logo512BCarre.png\",\"width\":512,\"height\":512,\"caption\":\"Roxane - Sexoth\u00e9rapeute et Love Coach\"},\"image\":{\"@id\":\"https:\\\/\\\/roxane-sexotherapeute.fr\\\/#\\\/schema\\\/logo\\\/image\\\/\"},\"sameAs\":[\"https:\\\/\\\/www.resalib.fr\\\/praticien\\\/94708-roxane-combier-sexotherapeute-panissieres\"]}]}<\/script>\n<!-- \/ Yoast SEO plugin. -->","yoast_head_json":{"title":"Roxane - Sexoth\u00e9rapeute et Love Coach en ligne pour Homme","description":"J\u2019accompagne les hommes pour les aider \u00e0 se reconnecter \u00e0 eux-m\u00eames et \u00e0 d\u00e9passer leurs doutes, avec bienveillance et authenticit\u00e9.","robots":{"index":"index","follow":"follow","max-snippet":"max-snippet:-1","max-image-preview":"max-image-preview:large","max-video-preview":"max-video-preview:-1"},"canonical":"https:\/\/roxane-sexotherapeute.fr\/","og_locale":"fr_FR","og_type":"article","og_title":"Roxane - Sexoth\u00e9rapeute et Love Coach en ligne pour Homme","og_description":"J\u2019accompagne les hommes pour les aider \u00e0 se reconnecter \u00e0 eux-m\u00eames et \u00e0 d\u00e9passer leurs doutes, avec bienveillance et authenticit\u00e9.","og_url":"https:\/\/roxane-sexotherapeute.fr\/","og_site_name":"Roxane - Consultante en neuro-sexologie et relations amoureuses","article_modified_time":"2026-02-22T12:17:18+00:00","twitter_card":"summary_large_image","schema":{"@context":"https:\/\/schema.org","@graph":[{"@type":"WebPage","@id":"https:\/\/roxane-sexotherapeute.fr\/","url":"https:\/\/roxane-sexotherapeute.fr\/","name":"Roxane - Sexoth\u00e9rapeute et Love Coach en ligne pour Homme","isPartOf":{"@id":"https:\/\/roxane-sexotherapeute.fr\/#website"},"datePublished":"2025-05-01T14:46:12+00:00","dateModified":"2026-02-22T12:17:18+00:00","description":"J\u2019accompagne les hommes pour les aider \u00e0 se reconnecter \u00e0 eux-m\u00eames et \u00e0 d\u00e9passer leurs doutes, avec bienveillance et authenticit\u00e9.","breadcrumb":{"@id":"https:\/\/roxane-sexotherapeute.fr\/#breadcrumb"},"inLanguage":"fr-FR","potentialAction":[{"@type":"ReadAction","target":["https:\/\/roxane-sexotherapeute.fr\/"]}]},{"@type":"BreadcrumbList","@id":"https:\/\/roxane-sexotherapeute.fr\/#breadcrumb","itemListElement":[{"@type":"ListItem","position":1,"name":"Accueil","item":"https:\/\/roxane-sexotherapeute.fr\/"},{"@type":"ListItem","position":2,"name":"Home"}]},{"@type":"WebSite","@id":"https:\/\/roxane-sexotherapeute.fr\/#website","url":"https:\/\/roxane-sexotherapeute.fr\/","name":"Roxane - Sexoth\u00e9rapeute et Love Coach","description":"L\u00e0 o\u00f9 l\u2019intime prend racine, l\u2019\u00e9panouissement commence","publisher":{"@id":"https:\/\/roxane-sexotherapeute.fr\/#organization"},"potentialAction":[{"@type":"SearchAction","target":{"@type":"EntryPoint","urlTemplate":"https:\/\/roxane-sexotherapeute.fr\/?s={search_term_string}"},"query-input":{"@type":"PropertyValueSpecification","valueRequired":true,"valueName":"search_term_string"}}],"inLanguage":"fr-FR"},{"@type":"Organization","@id":"https:\/\/roxane-sexotherapeute.fr\/#organization","name":"Roxane - Sexoth\u00e9rapeute et Love Coach","url":"https:\/\/roxane-sexotherapeute.fr\/","logo":{"@type":"ImageObject","inLanguage":"fr-FR","@id":"https:\/\/roxane-sexotherapeute.fr\/#\/schema\/logo\/image\/","url":"https:\/\/roxane-sexotherapeute.fr\/wp-content\/uploads\/2025\/05\/Logo512BCarre.png","contentUrl":"https:\/\/roxane-sexotherapeute.fr\/wp-content\/uploads\/2025\/05\/Logo512BCarre.png","width":512,"height":512,"caption":"Roxane - Sexoth\u00e9rapeute et Love Coach"},"image":{"@id":"https:\/\/roxane-sexotherapeute.fr\/#\/schema\/logo\/image\/"},"sameAs":["https:\/\/www.resalib.fr\/praticien\/94708-roxane-combier-sexotherapeute-panissieres"]}]}},"_links":{"self":[{"href":"https:\/\/roxane-sexotherapeute.fr\/index.php\/wp-json\/wp\/v2\/pages\/7","targetHints":{"allow":["GET"]}}],"collection":[{"href":"https:\/\/roxane-sexotherapeute.fr\/index.php\/wp-json\/wp\/v2\/pages"}],"about":[{"href":"https:\/\/roxane-sexotherapeute.fr\/index.php\/wp-json\/wp\/v2\/types\/page"}],"author":[{"embeddable":true,"href":"https:\/\/roxane-sexotherapeute.fr\/index.php\/wp-json\/wp\/v2\/users\/1"}],"replies":[{"embeddable":true,"href":"https:\/\/roxane-sexotherapeute.fr\/index.php\/wp-json\/wp\/v2\/comments?post=7"}],"version-history":[{"count":92,"href":"https:\/\/roxane-sexotherapeute.fr\/index.php\/wp-json\/wp\/v2\/pages\/7\/revisions"}],"predecessor-version":[{"id":268,"href":"https:\/\/roxane-sexotherapeute.fr\/index.php\/wp-json\/wp\/v2\/pages\/7\/revisions\/268"}],"wp:attachment":[{"href":"https:\/\/roxane-sexotherapeute.fr\/index.php\/wp-json\/wp\/v2\/media?parent=7"}],"curies":[{"name":"wp","href":"https:\/\/api.w.org\/{rel}","templated":true}]}}